{"id":548,"date":"2022-07-31T09:06:07","date_gmt":"2022-07-31T09:06:07","guid":{"rendered":"https:\/\/simonbolivardistancia.com\/?page_id=548"},"modified":"2022-07-31T09:15:42","modified_gmt":"2022-07-31T09:15:42","slug":"vinculacion-con-la-sociedad","status":"publish","type":"page","link":"https:\/\/simonbolivardistancia.com\/?page_id=548","title":{"rendered":"Vinculaci\u00f3n con la Sociedad"},"content":{"rendered":"\t\t<div data-elementor-type=\"wp-page\" data-elementor-id=\"548\" class=\"elementor elementor-548\">\n\t\t\t\t\t\t<section class=\"elementor-section elementor-top-section elementor-element elementor-element-2d28fba elementor-section-boxed elementor-section-height-default elementor-section-height-default\" data-id=\"2d28fba\" data-element_type=\"section\">\n\t\t\t\t\t\t<div class=\"elementor-container elementor-column-gap-default\">\n\t\t\t\t\t<div class=\"elementor-column elementor-col-100 elementor-top-column elementor-element elementor-element-5bdc89d2\" data-id=\"5bdc89d2\" data-element_type=\"column\">\n\t\t\t<div class=\"elementor-widget-wrap elementor-element-populated\">\n\t\t\t\t\t\t<div class=\"elementor-element elementor-element-0c78e68 elementor-widget elementor-widget-text-editor\" data-id=\"0c78e68\" data-element_type=\"widget\" data-widget_type=\"text-editor.default\">\n\t\t\t\t<div class=\"elementor-widget-container\">\n\t\t\t\t\t\t\t\t\t<p>El colegio Particular A Distancia &#8220;Sim\u00f3n Bol\u00edvar&#8221; concibe a la Vinculaci\u00f3n con la Sociedad como el proceso sustantivo orientado a generar un sistema integrador entre colegio y su entorno, ahora m\u00e1s que nunca en tiempos de pandemia COVID-19, la gesti\u00f3n acad\u00e9mica y la docencia, a trav\u00e9s de la ejecuci\u00f3n de programas y proyectos multidisciplinarios de desarrollo, formulados con una visi\u00f3n sist\u00e9mica, multidisciplinaria.<\/p>\t\t\t\t\t\t\t\t<\/div>\n\t\t\t\t<\/div>\n\t\t\t\t<div class=\"elementor-element elementor-element-4d15521 elementor-widget elementor-widget-spacer\" data-id=\"4d15521\" data-element_type=\"widget\" data-widget_type=\"spacer.default\">\n\t\t\t\t<div class=\"elementor-widget-container\">\n\t\t\t\t\t\t\t<div class=\"elementor-spacer\">\n\t\t\t<div class=\"elementor-spacer-inner\"><\/div>\n\t\t<\/div>\n\t\t\t\t\t\t<\/div>\n\t\t\t\t<\/div>\n\t\t\t\t<div class=\"elementor-element elementor-element-1a67f33 elementor-widget elementor-widget-heading\" data-id=\"1a67f33\" data-element_type=\"widget\" data-widget_type=\"heading.default\">\n\t\t\t\t<div class=\"elementor-widget-container\">\n\t\t\t\t\t<h2 class=\"elementor-heading-title elementor-size-default\">Proyectos<\/h2>\t\t\t\t<\/div>\n\t\t\t\t<\/div>\n\t\t\t\t<div class=\"elementor-element elementor-element-23aede8 elementor-widget elementor-widget-text-editor\" data-id=\"23aede8\" data-element_type=\"widget\" data-widget_type=\"text-editor.default\">\n\t\t\t\t<div class=\"elementor-widget-container\">\n\t\t\t\t\t\t\t\t\tLos programas de vinculaci\u00f3n constituyen el nexo que posibilita la relaci\u00f3n directa y permanente entre el colegio y su entorno, y entre aquella y las realidades productivas y sociales; comprende toda la oferta de proyectos inherentes a la formaci\u00f3n acad\u00e9mica y humanista que se imparte en la instituci\u00f3n.\t\t\t\t\t\t\t\t<\/div>\n\t\t\t\t<\/div>\n\t\t\t\t<div class=\"elementor-element elementor-element-b6d3dbc elementor-widget elementor-widget-spacer\" data-id=\"b6d3dbc\" data-element_type=\"widget\" data-widget_type=\"spacer.default\">\n\t\t\t\t<div class=\"elementor-widget-container\">\n\t\t\t\t\t\t\t<div class=\"elementor-spacer\">\n\t\t\t<div class=\"elementor-spacer-inner\"><\/div>\n\t\t<\/div>\n\t\t\t\t\t\t<\/div>\n\t\t\t\t<\/div>\n\t\t\t\t<div class=\"elementor-element elementor-element-425a6b3 elementor-widget elementor-widget-heading\" data-id=\"425a6b3\" data-element_type=\"widget\" data-widget_type=\"heading.default\">\n\t\t\t\t<div class=\"elementor-widget-container\">\n\t\t\t\t\t<h2 class=\"elementor-heading-title elementor-size-default\">Territorios Priorizados<\/h2>\t\t\t\t<\/div>\n\t\t\t\t<\/div>\n\t\t\t\t<div class=\"elementor-element elementor-element-1f15188 elementor-widget elementor-widget-text-editor\" data-id=\"1f15188\" data-element_type=\"widget\" data-widget_type=\"text-editor.default\">\n\t\t\t\t<div class=\"elementor-widget-container\">\n\t\t\t\t\t\t\t\t\tLa priorizaci\u00f3n de territorios se basa en el dise\u00f1o y la aplicaci\u00f3n de un \u201c\u00cdndice Integral\u201d  que mide la pertinencia acad\u00e9mica y la vulnerabilidad social de las parroquias seleccionadas.\nProducto de este an\u00e1lisis se seleccionaron las provincias de Bol\u00edvar, Manab\u00ed y Santo Domingo de los Ts\u00e1chilas.\n\t\t\t\t\t\t\t\t<\/div>\n\t\t\t\t<\/div>\n\t\t\t\t\t<\/div>\n\t\t<\/div>\n\t\t\t\t\t<\/div>\n\t\t<\/section>\n\t\t\t\t<section class=\"elementor-section elementor-top-section elementor-element elementor-element-66f58291 elementor-section-boxed elementor-section-height-default elementor-section-height-default\" data-id=\"66f58291\" data-element_type=\"section\" data-settings=\"{&quot;background_background&quot;:&quot;classic&quot;}\">\n\t\t\t\t\t\t\t<div class=\"elementor-background-overlay\"><\/div>\n\t\t\t\t\t\t\t<div class=\"elementor-container elementor-column-gap-default\">\n\t\t\t\t\t<div class=\"elementor-column elementor-col-100 elementor-top-column elementor-element elementor-element-235c5369\" data-id=\"235c5369\" data-element_type=\"column\">\n\t\t\t<div class=\"elementor-widget-wrap elementor-element-populated\">\n\t\t\t\t\t\t<section class=\"elementor-section elementor-inner-section elementor-element elementor-element-72e09c9a elementor-section-content-middle elementor-section-boxed elementor-section-height-default elementor-section-height-default\" data-id=\"72e09c9a\" data-element_type=\"section\" data-settings=\"{&quot;background_background&quot;:&quot;classic&quot;}\">\n\t\t\t\t\t\t<div class=\"elementor-container elementor-column-gap-no\">\n\t\t\t\t\t<div class=\"elementor-column elementor-col-50 elementor-inner-column elementor-element elementor-element-5125045b\" data-id=\"5125045b\" data-element_type=\"column\" data-settings=\"{&quot;background_background&quot;:&quot;classic&quot;}\">\n\t\t\t<div class=\"elementor-widget-wrap elementor-element-populated\">\n\t\t\t\t\t\t<div class=\"elementor-element elementor-element-bf16ef6 elementor-widget elementor-widget-image\" data-id=\"bf16ef6\" data-element_type=\"widget\" data-widget_type=\"image.default\">\n\t\t\t\t<div class=\"elementor-widget-container\">\n\t\t\t\t\t\t\t\t\t\t\t\t\t\t\t<img fetchpriority=\"high\" decoding=\"async\" width=\"585\" height=\"329\" src=\"https:\/\/simonbolivardistancia.com\/wp-content\/uploads\/2022\/07\/Picture4.jpg\" class=\"elementor-animation-push attachment-large size-large wp-image-550\" alt=\"\" srcset=\"https:\/\/simonbolivardistancia.com\/wp-content\/uploads\/2022\/07\/Picture4.jpg 585w, https:\/\/simonbolivardistancia.com\/wp-content\/uploads\/2022\/07\/Picture4-300x169.jpg 300w\" sizes=\"(max-width: 585px) 100vw, 585px\" \/>\t\t\t\t\t\t\t\t\t\t\t\t\t\t\t<\/div>\n\t\t\t\t<\/div>\n\t\t\t\t\t<\/div>\n\t\t<\/div>\n\t\t\t\t<div class=\"elementor-column elementor-col-50 elementor-inner-column elementor-element elementor-element-7bba599e\" data-id=\"7bba599e\" data-element_type=\"column\" data-settings=\"{&quot;background_background&quot;:&quot;classic&quot;}\">\n\t\t\t<div class=\"elementor-widget-wrap elementor-element-populated\">\n\t\t\t\t\t\t<div class=\"elementor-element elementor-element-8426205 elementor-widget elementor-widget-image\" data-id=\"8426205\" data-element_type=\"widget\" data-widget_type=\"image.default\">\n\t\t\t\t<div class=\"elementor-widget-container\">\n\t\t\t\t\t\t\t\t\t\t\t\t\t\t\t<img decoding=\"async\" width=\"431\" height=\"323\" src=\"https:\/\/simonbolivardistancia.com\/wp-content\/uploads\/2022\/07\/Picture5.jpg\" class=\"elementor-animation-push attachment-large size-large wp-image-551\" alt=\"\" srcset=\"https:\/\/simonbolivardistancia.com\/wp-content\/uploads\/2022\/07\/Picture5.jpg 431w, https:\/\/simonbolivardistancia.com\/wp-content\/uploads\/2022\/07\/Picture5-300x225.jpg 300w\" sizes=\"(max-width: 431px) 100vw, 431px\" \/>\t\t\t\t\t\t\t\t\t\t\t\t\t\t\t<\/div>\n\t\t\t\t<\/div>\n\t\t\t\t\t<\/div>\n\t\t<\/div>\n\t\t\t\t\t<\/div>\n\t\t<\/section>\n\t\t\t\t<section class=\"elementor-section elementor-inner-section elementor-element elementor-element-1c52c33 elementor-section-content-middle elementor-section-boxed elementor-section-height-default elementor-section-height-default\" data-id=\"1c52c33\" data-element_type=\"section\" data-settings=\"{&quot;background_background&quot;:&quot;classic&quot;}\">\n\t\t\t\t\t\t<div class=\"elementor-container elementor-column-gap-no\">\n\t\t\t\t\t<div class=\"elementor-column elementor-col-50 elementor-inner-column elementor-element elementor-element-c548a74\" data-id=\"c548a74\" data-element_type=\"column\" data-settings=\"{&quot;background_background&quot;:&quot;classic&quot;}\">\n\t\t\t<div class=\"elementor-widget-wrap elementor-element-populated\">\n\t\t\t\t\t\t<div class=\"elementor-element elementor-element-76e35d5 elementor-widget elementor-widget-image\" data-id=\"76e35d5\" data-element_type=\"widget\" data-widget_type=\"image.default\">\n\t\t\t\t<div class=\"elementor-widget-container\">\n\t\t\t\t\t\t\t\t\t\t\t\t\t\t\t<img decoding=\"async\" width=\"350\" height=\"466\" src=\"https:\/\/simonbolivardistancia.com\/wp-content\/uploads\/2022\/07\/Picture6.jpg\" class=\"elementor-animation-push attachment-large size-large wp-image-552\" alt=\"\" srcset=\"https:\/\/simonbolivardistancia.com\/wp-content\/uploads\/2022\/07\/Picture6.jpg 350w, https:\/\/simonbolivardistancia.com\/wp-content\/uploads\/2022\/07\/Picture6-225x300.jpg 225w\" sizes=\"(max-width: 350px) 100vw, 350px\" \/>\t\t\t\t\t\t\t\t\t\t\t\t\t\t\t<\/div>\n\t\t\t\t<\/div>\n\t\t\t\t\t<\/div>\n\t\t<\/div>\n\t\t\t\t<div class=\"elementor-column elementor-col-50 elementor-inner-column elementor-element elementor-element-5d7924a\" data-id=\"5d7924a\" data-element_type=\"column\" data-settings=\"{&quot;background_background&quot;:&quot;classic&quot;}\">\n\t\t\t<div class=\"elementor-widget-wrap elementor-element-populated\">\n\t\t\t\t\t\t<div class=\"elementor-element elementor-element-ccf70b1 elementor-widget elementor-widget-image\" data-id=\"ccf70b1\" data-element_type=\"widget\" data-widget_type=\"image.default\">\n\t\t\t\t<div class=\"elementor-widget-container\">\n\t\t\t\t\t\t\t\t\t\t\t\t\t\t\t<img loading=\"lazy\" decoding=\"async\" width=\"534\" height=\"425\" src=\"https:\/\/simonbolivardistancia.com\/wp-content\/uploads\/2022\/07\/Picture7.jpg\" class=\"elementor-animation-push attachment-large size-large wp-image-553\" alt=\"\" srcset=\"https:\/\/simonbolivardistancia.com\/wp-content\/uploads\/2022\/07\/Picture7.jpg 534w, https:\/\/simonbolivardistancia.com\/wp-content\/uploads\/2022\/07\/Picture7-300x239.jpg 300w\" sizes=\"(max-width: 534px) 100vw, 534px\" \/>\t\t\t\t\t\t\t\t\t\t\t\t\t\t\t<\/div>\n\t\t\t\t<\/div>\n\t\t\t\t\t<\/div>\n\t\t<\/div>\n\t\t\t\t\t<\/div>\n\t\t<\/section>\n\t\t\t\t\t<\/div>\n\t\t<\/div>\n\t\t\t\t\t<\/div>\n\t\t<\/section>\n\t\t\t\t<\/div>\n\t\t","protected":false},"excerpt":{"rendered":"<p>El colegio Particular A Distancia &#8220;Sim\u00f3n Bol\u00edvar&#8221; concibe a la Vinculaci\u00f3n con la Sociedad como el proceso sustantivo orientado a generar un sistema integrador entre colegio y su entorno, ahora m\u00e1s que nunca en tiempos de pandemia COVID-19, la gesti\u00f3n acad\u00e9mica y la docencia, a trav\u00e9s de la ejecuci\u00f3n de programas y proyectos multidisciplinarios de [&hellip;]<\/p>\n","protected":false},"author":1,"featured_media":0,"parent":0,"menu_order":0,"comment_status":"closed","ping_status":"closed","template":"","meta":{"site-sidebar-layout":"no-sidebar","site-content-layout":"page-builder","ast-site-content-layout":"default","site-content-style":"default","site-sidebar-style":"default","ast-global-header-display":"","ast-banner-title-visibility":"","ast-main-header-display":"","ast-hfb-above-header-display":"","ast-hfb-below-header-display":"","ast-hfb-mobile-header-display":"","site-post-title":"disabled","ast-breadcrumbs-content":"","ast-featured-img":"disabled","footer-sml-layout":"","theme-transparent-header-meta":"","adv-header-id-meta":"","stick-header-meta":"","header-above-stick-meta":"","header-main-stick-meta":"","header-below-stick-meta":"","astra-migrate-meta-layouts":"default","ast-page-background-enabled":"default","ast-page-background-meta":{"desktop":{"background-color":"","background-image":"","background-repeat":"repeat","background-position":"center center","background-size":"auto","background-attachment":"scroll","background-type":"","background-media":"","overlay-type":"","overlay-color":"","overlay-opacity":"","overlay-gradient":""},"tablet":{"background-color":"","background-image":"","background-repeat":"repeat","background-position":"center center","background-size":"auto","background-attachment":"scroll","background-type":"","background-media":"","overlay-type":"","overlay-color":"","overlay-opacity":"","overlay-gradient":""},"mobile":{"background-color":"","background-image":"","background-repeat":"repeat","background-position":"center center","background-size":"auto","background-attachment":"scroll","background-type":"","background-media":"","overlay-type":"","overlay-color":"","overlay-opacity":"","overlay-gradient":""}},"ast-content-background-meta":{"desktop":{"background-color":"var(--ast-global-color-5)","background-image":"","background-repeat":"repeat","background-position":"center center","background-size":"auto","background-attachment":"scroll","background-type":"","background-media":"","overlay-type":"","overlay-color":"","overlay-opacity":"","overlay-gradient":""},"tablet":{"background-color":"var(--ast-global-color-5)","background-image":"","background-repeat":"repeat","background-position":"center center","background-size":"auto","background-attachment":"scroll","background-type":"","background-media":"","overlay-type":"","overlay-color":"","overlay-opacity":"","overlay-gradient":""},"mobile":{"background-color":"var(--ast-global-color-5)","background-image":"","background-repeat":"repeat","background-position":"center center","background-size":"auto","background-attachment":"scroll","background-type":"","background-media":"","overlay-type":"","overlay-color":"","overlay-opacity":"","overlay-gradient":""}},"footnotes":""},"class_list":["post-548","page","type-page","status-publish","hentry"],"_links":{"self":[{"href":"https:\/\/simonbolivardistancia.com\/index.php?rest_route=\/wp\/v2\/pages\/548","targetHints":{"allow":["GET"]}}],"collection":[{"href":"https:\/\/simonbolivardistancia.com\/index.php?rest_route=\/wp\/v2\/pages"}],"about":[{"href":"https:\/\/simonbolivardistancia.com\/index.php?rest_route=\/wp\/v2\/types\/page"}],"author":[{"embeddable":true,"href":"https:\/\/simonbolivardistancia.com\/index.php?rest_route=\/wp\/v2\/users\/1"}],"replies":[{"embeddable":true,"href":"https:\/\/simonbolivardistancia.com\/index.php?rest_route=%2Fwp%2Fv2%2Fcomments&post=548"}],"version-history":[{"count":4,"href":"https:\/\/simonbolivardistancia.com\/index.php?rest_route=\/wp\/v2\/pages\/548\/revisions"}],"predecessor-version":[{"id":556,"href":"https:\/\/simonbolivardistancia.com\/index.php?rest_route=\/wp\/v2\/pages\/548\/revisions\/556"}],"wp:attachment":[{"href":"https:\/\/simonbolivardistancia.com\/index.php?rest_route=%2Fwp%2Fv2%2Fmedia&parent=548"}],"curies":[{"name":"wp","href":"https:\/\/api.w.org\/{rel}","templated":true}]}}