{"id":559,"date":"2022-07-31T09:22:34","date_gmt":"2022-07-31T09:22:34","guid":{"rendered":"https:\/\/simonbolivardistancia.com\/?page_id=559"},"modified":"2022-07-31T09:31:47","modified_gmt":"2022-07-31T09:31:47","slug":"oferta-educativa","status":"publish","type":"page","link":"https:\/\/simonbolivardistancia.com\/?page_id=559","title":{"rendered":"Oferta Educativa"},"content":{"rendered":"\t\t<div data-elementor-type=\"wp-page\" data-elementor-id=\"559\" class=\"elementor elementor-559\">\n\t\t\t\t\t\t<section class=\"elementor-section elementor-top-section elementor-element elementor-element-17405176 elementor-section-boxed elementor-section-height-default elementor-section-height-default\" data-id=\"17405176\" data-element_type=\"section\">\n\t\t\t\t\t\t<div class=\"elementor-container elementor-column-gap-default\">\n\t\t\t\t\t<div class=\"elementor-column elementor-col-100 elementor-top-column elementor-element elementor-element-1446e57\" data-id=\"1446e57\" data-element_type=\"column\">\n\t\t\t<div class=\"elementor-widget-wrap elementor-element-populated\">\n\t\t\t\t\t\t<div class=\"elementor-element elementor-element-7d610a2c elementor-widget elementor-widget-spacer\" data-id=\"7d610a2c\" data-element_type=\"widget\" data-widget_type=\"spacer.default\">\n\t\t\t\t<div class=\"elementor-widget-container\">\n\t\t\t\t\t\t\t<div class=\"elementor-spacer\">\n\t\t\t<div class=\"elementor-spacer-inner\"><\/div>\n\t\t<\/div>\n\t\t\t\t\t\t<\/div>\n\t\t\t\t<\/div>\n\t\t\t\t<div class=\"elementor-element elementor-element-7ec128c elementor-widget elementor-widget-text-editor\" data-id=\"7ec128c\" data-element_type=\"widget\" data-widget_type=\"text-editor.default\">\n\t\t\t\t<div class=\"elementor-widget-container\">\n\t\t\t\t\t\t\t\t\tEstas ofertas mantienen el enfoque curricular y los ejes de la educaci\u00f3n regular. Proponen procesos educativos de calidad, no muy largos, de utilidad y aplicaci\u00f3n inmediata que preparan para la vida futura.\t\t\t\t\t\t\t\t<\/div>\n\t\t\t\t<\/div>\n\t\t\t\t<div class=\"elementor-element elementor-element-832e48d elementor-widget elementor-widget-spacer\" data-id=\"832e48d\" data-element_type=\"widget\" data-widget_type=\"spacer.default\">\n\t\t\t\t<div class=\"elementor-widget-container\">\n\t\t\t\t\t\t\t<div class=\"elementor-spacer\">\n\t\t\t<div class=\"elementor-spacer-inner\"><\/div>\n\t\t<\/div>\n\t\t\t\t\t\t<\/div>\n\t\t\t\t<\/div>\n\t\t\t\t\t<\/div>\n\t\t<\/div>\n\t\t\t\t\t<\/div>\n\t\t<\/section>\n\t\t\t\t<section class=\"elementor-section elementor-top-section elementor-element elementor-element-63e1f6c5 elementor-section-boxed elementor-section-height-default elementor-section-height-default elementor-invisible\" data-id=\"63e1f6c5\" data-element_type=\"section\" data-settings=\"{&quot;animation&quot;:&quot;fadeIn&quot;}\">\n\t\t\t\t\t\t<div class=\"elementor-container elementor-column-gap-default\">\n\t\t\t\t\t<div class=\"elementor-column elementor-col-100 elementor-top-column elementor-element elementor-element-623d30f3\" data-id=\"623d30f3\" data-element_type=\"column\">\n\t\t\t<div class=\"elementor-widget-wrap elementor-element-populated\">\n\t\t\t\t\t\t<div class=\"elementor-element elementor-element-769dc2b elementor-widget elementor-widget-heading\" data-id=\"769dc2b\" data-element_type=\"widget\" data-widget_type=\"heading.default\">\n\t\t\t\t<div class=\"elementor-widget-container\">\n\t\t\t\t\t<h2 class=\"elementor-heading-title elementor-size-default\">Educaci\u00f3n  General B\u00e1sica Superior intensiva 8\u00ba, 9\u00ba y 10\u00ba<\/h2>\t\t\t\t<\/div>\n\t\t\t\t<\/div>\n\t\t\t\t<div class=\"elementor-element elementor-element-60c0af08 elementor-widget elementor-widget-text-editor\" data-id=\"60c0af08\" data-element_type=\"widget\" data-widget_type=\"text-editor.default\">\n\t\t\t\t<div class=\"elementor-widget-container\">\n\t\t\t\t\t\t\t\t\t<p>En el subnivel Elemental de Educaci\u00f3n General B\u00e1sica, el estudiante desarrolla habilidades cognitivas y sociales que le permiten relacionarse y afianzar lazos con los dem\u00e1s, mediante el trabajo dirigido, en equipo e individual, que aporta, de manera positiva y eficaz, a la comprensi\u00f3n y la pr\u00e1ctica de sus deberes y derechos.<br \/>Constituye la antesala del nivel de Bachillerato. En este subnivel los estudiantes cuentan con docentes especialistas en las diferentes \u00e1reas y los niveles de interdisciplinariedad y complejidad epistemol\u00f3gica, disciplinar y pedag\u00f3gica aumentan.<\/p><ul><li>Dimensi\u00f3n personal y afectiva-emocional (el yo:<strong> La Identidad<\/strong>)<\/li><li>Dimensi\u00f3n social y relacional (el encuentro con otros: <strong>La Alteridad<\/strong>)<\/li><li>Dimensi\u00f3n simb\u00f3lica y cognitiva (el entorno: <strong>espacio, tiempo y objetos<\/strong>)<\/li><\/ul>\t\t\t\t\t\t\t\t<\/div>\n\t\t\t\t<\/div>\n\t\t\t\t<div class=\"elementor-element elementor-element-db3d1ad elementor-widget elementor-widget-image\" data-id=\"db3d1ad\" data-element_type=\"widget\" data-widget_type=\"image.default\">\n\t\t\t\t<div class=\"elementor-widget-container\">\n\t\t\t\t\t\t\t\t\t\t\t\t\t\t\t<img fetchpriority=\"high\" decoding=\"async\" width=\"567\" height=\"340\" src=\"https:\/\/simonbolivardistancia.com\/wp-content\/uploads\/2022\/07\/Picture1.jpg\" class=\"attachment-large size-large wp-image-564\" alt=\"\" srcset=\"https:\/\/simonbolivardistancia.com\/wp-content\/uploads\/2022\/07\/Picture1.jpg 567w, https:\/\/simonbolivardistancia.com\/wp-content\/uploads\/2022\/07\/Picture1-300x180.jpg 300w\" sizes=\"(max-width: 567px) 100vw, 567px\" \/>\t\t\t\t\t\t\t\t\t\t\t\t\t\t\t<\/div>\n\t\t\t\t<\/div>\n\t\t\t\t<div class=\"elementor-element elementor-element-149b5a7 elementor-widget elementor-widget-spacer\" data-id=\"149b5a7\" data-element_type=\"widget\" data-widget_type=\"spacer.default\">\n\t\t\t\t<div class=\"elementor-widget-container\">\n\t\t\t\t\t\t\t<div class=\"elementor-spacer\">\n\t\t\t<div class=\"elementor-spacer-inner\"><\/div>\n\t\t<\/div>\n\t\t\t\t\t\t<\/div>\n\t\t\t\t<\/div>\n\t\t\t\t\t<\/div>\n\t\t<\/div>\n\t\t\t\t\t<\/div>\n\t\t<\/section>\n\t\t\t\t<section class=\"elementor-section elementor-top-section elementor-element elementor-element-fb2638e elementor-section-boxed elementor-section-height-default elementor-section-height-default elementor-invisible\" data-id=\"fb2638e\" data-element_type=\"section\" data-settings=\"{&quot;animation&quot;:&quot;fadeIn&quot;}\">\n\t\t\t\t\t\t<div class=\"elementor-container elementor-column-gap-default\">\n\t\t\t\t\t<div class=\"elementor-column elementor-col-100 elementor-top-column elementor-element elementor-element-f3e06de\" data-id=\"f3e06de\" data-element_type=\"column\">\n\t\t\t<div class=\"elementor-widget-wrap elementor-element-populated\">\n\t\t\t\t\t\t<div class=\"elementor-element elementor-element-1df5e02 elementor-widget elementor-widget-heading\" data-id=\"1df5e02\" data-element_type=\"widget\" data-widget_type=\"heading.default\">\n\t\t\t\t<div class=\"elementor-widget-container\">\n\t\t\t\t\t<h2 class=\"elementor-heading-title elementor-size-default\">Bachillerato General Unificado intensivo 1ro. 2do. Y 3ro.<\/h2>\t\t\t\t<\/div>\n\t\t\t\t<\/div>\n\t\t\t\t<div class=\"elementor-element elementor-element-4846b34 elementor-widget elementor-widget-text-editor\" data-id=\"4846b34\" data-element_type=\"widget\" data-widget_type=\"text-editor.default\">\n\t\t\t\t<div class=\"elementor-widget-container\">\n\t\t\t\t\t\t\t\t\t<p>El Bachillerato constituye el tercer nivel de educaci\u00f3n escolarizada que contin\u00faa y complementa las destrezas desarrolladas en los tres subniveles de Educaci\u00f3n General B\u00e1sica, en el que se evidencia una formaci\u00f3n integral e interdisciplinaria vinculada a los valores de justicia, innovaci\u00f3n, solidaridad y que permite al estudiante articularse con el Sistema de Educaci\u00f3n Superior y, de esta manera, contribuir a su plan de vida.<br \/>En este nivel se integran tem\u00e1ticas relacionadas con el origen de los movimientos sociales, las revoluciones liberales, la expansi\u00f3n, el desarrollo y sus limitaciones, la declaraci\u00f3n de los Derechos, as\u00ed como con los usos de la lengua y de las variedades ling\u00fc\u00edsticas, las transformaciones de la cultura escrita en la era digital y sus implicaciones.<\/p><ul><li>Dimensi\u00f3n personal y afectiva-emocional (el yo: <strong>La Identidad<\/strong>)<\/li><li>Dimensi\u00f3n social y relacional (el encuentro con otros: <strong>La Alteridad<\/strong>)<\/li><li>Dimensi\u00f3n simb\u00f3lica y cognitiva (el entorno: <strong>espacio, tiempo y objetos<\/strong>)<\/li><\/ul>\t\t\t\t\t\t\t\t<\/div>\n\t\t\t\t<\/div>\n\t\t\t\t<div class=\"elementor-element elementor-element-b01e0c1 elementor-widget elementor-widget-image\" data-id=\"b01e0c1\" data-element_type=\"widget\" data-widget_type=\"image.default\">\n\t\t\t\t<div class=\"elementor-widget-container\">\n\t\t\t\t\t\t\t\t\t\t\t\t\t\t\t<img decoding=\"async\" width=\"567\" height=\"227\" src=\"https:\/\/simonbolivardistancia.com\/wp-content\/uploads\/2022\/07\/Picture2.jpg\" class=\"attachment-large size-large wp-image-565\" alt=\"\" srcset=\"https:\/\/simonbolivardistancia.com\/wp-content\/uploads\/2022\/07\/Picture2.jpg 567w, https:\/\/simonbolivardistancia.com\/wp-content\/uploads\/2022\/07\/Picture2-300x120.jpg 300w\" sizes=\"(max-width: 567px) 100vw, 567px\" \/>\t\t\t\t\t\t\t\t\t\t\t\t\t\t\t<\/div>\n\t\t\t\t<\/div>\n\t\t\t\t\t<\/div>\n\t\t<\/div>\n\t\t\t\t\t<\/div>\n\t\t<\/section>\n\t\t\t\t<section class=\"elementor-section elementor-top-section elementor-element elementor-element-4d559eba elementor-section-boxed elementor-section-height-default elementor-section-height-default elementor-invisible\" data-id=\"4d559eba\" data-element_type=\"section\" data-settings=\"{&quot;animation&quot;:&quot;fadeInRight&quot;}\">\n\t\t\t\t\t\t<div class=\"elementor-container elementor-column-gap-default\">\n\t\t\t\t\t<div class=\"elementor-column elementor-col-100 elementor-top-column elementor-element elementor-element-7643caac\" data-id=\"7643caac\" data-element_type=\"column\">\n\t\t\t<div class=\"elementor-widget-wrap elementor-element-populated\">\n\t\t\t\t\t\t<div class=\"elementor-element elementor-element-5eca33fe elementor-widget-divider--view-line elementor-widget elementor-widget-divider\" data-id=\"5eca33fe\" data-element_type=\"widget\" data-widget_type=\"divider.default\">\n\t\t\t\t<div class=\"elementor-widget-container\">\n\t\t\t\t\t\t\t<div class=\"elementor-divider\">\n\t\t\t<span class=\"elementor-divider-separator\">\n\t\t\t\t\t\t<\/span>\n\t\t<\/div>\n\t\t\t\t\t\t<\/div>\n\t\t\t\t<\/div>\n\t\t\t\t\t<\/div>\n\t\t<\/div>\n\t\t\t\t\t<\/div>\n\t\t<\/section>\n\t\t\t\t<section class=\"elementor-section elementor-top-section elementor-element elementor-element-56157519 elementor-section-boxed elementor-section-height-default elementor-section-height-default\" data-id=\"56157519\" data-element_type=\"section\">\n\t\t\t\t\t\t<div class=\"elementor-container elementor-column-gap-default\">\n\t\t\t\t\t<div class=\"elementor-column elementor-col-100 elementor-top-column elementor-element elementor-element-4a615e53\" data-id=\"4a615e53\" data-element_type=\"column\">\n\t\t\t<div class=\"elementor-widget-wrap elementor-element-populated\">\n\t\t\t\t\t\t<div class=\"elementor-element elementor-element-1541f4d0 elementor-widget elementor-widget-spacer\" data-id=\"1541f4d0\" data-element_type=\"widget\" data-widget_type=\"spacer.default\">\n\t\t\t\t<div class=\"elementor-widget-container\">\n\t\t\t\t\t\t\t<div class=\"elementor-spacer\">\n\t\t\t<div class=\"elementor-spacer-inner\"><\/div>\n\t\t<\/div>\n\t\t\t\t\t\t<\/div>\n\t\t\t\t<\/div>\n\t\t\t\t\t<\/div>\n\t\t<\/div>\n\t\t\t\t\t<\/div>\n\t\t<\/section>\n\t\t\t\t<\/div>\n\t\t","protected":false},"excerpt":{"rendered":"<p>Estas ofertas mantienen el enfoque curricular y los ejes de la educaci\u00f3n regular. Proponen procesos educativos de calidad, no muy largos, de utilidad y aplicaci\u00f3n inmediata que preparan para la vida futura. Educaci\u00f3n General B\u00e1sica Superior intensiva 8\u00ba, 9\u00ba y 10\u00ba En el subnivel Elemental de Educaci\u00f3n General B\u00e1sica, el estudiante desarrolla habilidades cognitivas y [&hellip;]<\/p>\n","protected":false},"author":1,"featured_media":0,"parent":0,"menu_order":0,"comment_status":"closed","ping_status":"closed","template":"","meta":{"site-sidebar-layout":"no-sidebar","site-content-layout":"page-builder","ast-site-content-layout":"default","site-content-style":"default","site-sidebar-style":"default","ast-global-header-display":"","ast-banner-title-visibility":"","ast-main-header-display":"","ast-hfb-above-header-display":"","ast-hfb-below-header-display":"","ast-hfb-mobile-header-display":"","site-post-title":"disabled","ast-breadcrumbs-content":"","ast-featured-img":"disabled","footer-sml-layout":"","theme-transparent-header-meta":"","adv-header-id-meta":"","stick-header-meta":"","header-above-stick-meta":"","header-main-stick-meta":"","header-below-stick-meta":"","astra-migrate-meta-layouts":"default","ast-page-background-enabled":"default","ast-page-background-meta":{"desktop":{"background-color":"","background-image":"","background-repeat":"repeat","background-position":"center center","background-size":"auto","background-attachment":"scroll","background-type":"","background-media":"","overlay-type":"","overlay-color":"","overlay-opacity":"","overlay-gradient":""},"tablet":{"background-color":"","background-image":"","background-repeat":"repeat","background-position":"center center","background-size":"auto","background-attachment":"scroll","background-type":"","background-media":"","overlay-type":"","overlay-color":"","overlay-opacity":"","overlay-gradient":""},"mobile":{"background-color":"","background-image":"","background-repeat":"repeat","background-position":"center center","background-size":"auto","background-attachment":"scroll","background-type":"","background-media":"","overlay-type":"","overlay-color":"","overlay-opacity":"","overlay-gradient":""}},"ast-content-background-meta":{"desktop":{"background-color":"var(--ast-global-color-5)","background-image":"","background-repeat":"repeat","background-position":"center center","background-size":"auto","background-attachment":"scroll","background-type":"","background-media":"","overlay-type":"","overlay-color":"","overlay-opacity":"","overlay-gradient":""},"tablet":{"background-color":"var(--ast-global-color-5)","background-image":"","background-repeat":"repeat","background-position":"center center","background-size":"auto","background-attachment":"scroll","background-type":"","background-media":"","overlay-type":"","overlay-color":"","overlay-opacity":"","overlay-gradient":""},"mobile":{"background-color":"var(--ast-global-color-5)","background-image":"","background-repeat":"repeat","background-position":"center center","background-size":"auto","background-attachment":"scroll","background-type":"","background-media":"","overlay-type":"","overlay-color":"","overlay-opacity":"","overlay-gradient":""}},"footnotes":""},"class_list":["post-559","page","type-page","status-publish","hentry"],"_links":{"self":[{"href":"https:\/\/simonbolivardistancia.com\/index.php?rest_route=\/wp\/v2\/pages\/559","targetHints":{"allow":["GET"]}}],"collection":[{"href":"https:\/\/simonbolivardistancia.com\/index.php?rest_route=\/wp\/v2\/pages"}],"about":[{"href":"https:\/\/simonbolivardistancia.com\/index.php?rest_route=\/wp\/v2\/types\/page"}],"author":[{"embeddable":true,"href":"https:\/\/simonbolivardistancia.com\/index.php?rest_route=\/wp\/v2\/users\/1"}],"replies":[{"embeddable":true,"href":"https:\/\/simonbolivardistancia.com\/index.php?rest_route=%2Fwp%2Fv2%2Fcomments&post=559"}],"version-history":[{"count":7,"href":"https:\/\/simonbolivardistancia.com\/index.php?rest_route=\/wp\/v2\/pages\/559\/revisions"}],"predecessor-version":[{"id":568,"href":"https:\/\/simonbolivardistancia.com\/index.php?rest_route=\/wp\/v2\/pages\/559\/revisions\/568"}],"wp:attachment":[{"href":"https:\/\/simonbolivardistancia.com\/index.php?rest_route=%2Fwp%2Fv2%2Fmedia&parent=559"}],"curies":[{"name":"wp","href":"https:\/\/api.w.org\/{rel}","templated":true}]}}